{"id":34668,"date":"2025-09-17T13:37:28","date_gmt":"2025-09-17T11:37:28","guid":{"rendered":"https:\/\/kotirentals.com\/puolikas-kausi\/fuengirola\/"},"modified":"2025-11-05T12:38:48","modified_gmt":"2025-11-05T11:38:48","slug":"fuengirola","status":"publish","type":"page","link":"https:\/\/kotirentals.com\/fi\/puolikas-kausi\/fuengirola\/","title":{"rendered":"Pitk\u00e4aikaiset vuokra-asunnot Fuengirolassa"},"content":{"rendered":"\n<div class=\"wp-block-wom-leer-mas wom-readmore\" data-collapsed-height=\"220\" data-more=\"Leer m\u00e1s\" data-less=\"Leer menos\"><div class=\"wom-readmore__clip\"><div class=\"wom-readmore__gradient\" aria-hidden=\"true\"><\/div>\n<div class=\"wp-block-wom-leer-mas-preview wom-readmore__preview\">\n<p>Aidon kodin l\u00f6yt\u00e4minen Costa del Solilta on paljon enemm\u00e4n kuin vain vuokraamista \u2013 kyse on el\u00e4m\u00e4ntavan luomisesta, uusien rytmien l\u00f6yt\u00e4misest\u00e4 ja osaksi tervetullutta yhteis\u00f6\u00e4 tulemisesta. Koti Rentalsilla tied\u00e4mme, mit\u00e4 t\u00e4m\u00e4n askeleen ottaminen tarkoittaa. Intohimomme on auttaa sinua asettumaan aloillesi ja aloittamaan el\u00e4m\u00e4 Fuengirolassa paikallisena, ansaitsemallasi mielenrauhalla ja mukavuudella.<\/p>\n<\/div>\n\n\n\n<div class=\"wp-block-wom-leer-mas-hidden wom-readmore__hidden\">\n<h2 class=\"wp-block-heading\">L\u00f6yd\u00e4 parhaat Fuengirolan asunnot pitk\u00e4aikaiseen vuokraukseen<\/h2>\n\n\n\n<p>Jokaisen matka on ainutlaatuinen. Ehk\u00e4 suunnittelet uutta lukua meren rannalla, et\u00e4ty\u00f6kokemusta auringon alla tai kenties perheesi etsii maisemanvaihdosta. Olipa matkasi mik\u00e4 tahansa, haluamme sinun tuntevan olosi kotoisaksi ensimm\u00e4isest\u00e4 p\u00e4iv\u00e4st\u00e4 l\u00e4htien.<\/p>\n\n\n\n<p>Tiimimme valitsee jokaisen kohteen huolella varmistaen, ett\u00e4 sinulla on vaihtoehtoja, jotka todella sopivat tarpeisiisi \u2013 t\u00e4ysin kalustetuista asunnoista, jotka ovat valmiita matkalaukkuusi, kalustamattomiin tiloihin, joihin voit lis\u00e4t\u00e4 oman tyylisi. Ja koska el\u00e4m\u00e4 ei aina sovi j\u00e4ykkiin sopimuksiin, tarjoamme joustavuutta: olitpa sitten vain pari kuukautta tai asetut aloillesi vuodeksi, sopeudumme tarpeisiisi. Meille kyse ei ole vain avaimista ja sopimuksista \u2013 kyse on yhteenkuuluvuuden tunteesta.<\/p>\n\n\n\n<h2 class=\"wp-block-heading\">Asu Fuengirolan parhailla alueilla<\/h2>\n\n\n\n<p>Uusi el\u00e4m\u00e4si Fuengirolassa alkaa tyyliisi sopivasta naapurustosta. Kaikki asuntomme sijaitsevat kaupungin halutuimmilla alueilla:<\/p>\n\n\n\n<p>Los Boliches: Nauti eloisasta paikallisesta tunnelmasta ja loputtomista rantap\u00e4ivist\u00e4 kahviloiden, torien ja autenttisen Fuengirolan vieh\u00e4tyksen ymp\u00e4r\u00f6im\u00e4n\u00e4.<\/p>\n\n\n\n<p>Torreblanca: Hengit\u00e4 vapaasti t\u00e4ll\u00e4 rauhallisella asuinalueella, josta on upeat merin\u00e4k\u00f6alat \u2013 t\u00e4ydellinen perheille tai rauhallisempaa el\u00e4m\u00e4ntapaa etsiville.<\/p>\n\n\n\n<p>Keskusta: Ole kaiken syd\u00e4mess\u00e4! Kaupat, ravintolat, liikenne ja merenranta ovat vain lyhyen k\u00e4velymatkan p\u00e4\u00e4ss\u00e4 oveltasi.<\/p>\n\n\n\n<p>Venetsatama-alue: Asu aivan Fuengirolan vilkkaan sataman vieress\u00e4, jossa on kosmopoliittinen tunnelma ja rannikon energia \u2013 ihanteellinen niille, jotka haluavat kokea Costa del Solin parhaat puolet.<\/p>\n\n\n\n<p>Jokaisella alueella on oma luonteensa, mutta kaikki jakavat sen, mink\u00e4 Fuengirola on paras: yst\u00e4v\u00e4llinen henki ja v\u00e4limerellinen el\u00e4m\u00e4ntapa.<\/p>\n\n\n\n<h2 class=\"wp-block-heading\">Nauti arjesta Fuengirolassa<\/h2>\n\n\n\n<p>Auringonpaisteeseen her\u00e4\u00e4misess\u00e4 l\u00e4hes joka p\u00e4iv\u00e4 ymp\u00e4ri vuoden on jotain erityist\u00e4. T\u00e4\u00e4ll\u00e4 el\u00e4m\u00e4 etenee eri tahtiin. Ehk\u00e4 aloitat aamusi k\u00e4velyll\u00e4 rantakadulla tai l\u00f6yd\u00e4t suosikkipaikkasi &#8221;caf\u00e9 con lechelle&#8221;. Ihmiset tervehtiv\u00e4t sinua hymyillen. Meri on aina l\u00e4hell\u00e4 ja kutsuu uimaan tai auringonlaskun k\u00e4velylle.<\/p>\n\n\n\n<p>Mutta Fuengirola ei ole vain vapaa-ajanviettoa \u2013 se on moderni ja hyvin yhdistetty kaupunki. Julkisen liikenteen ansiosta p\u00e4\u00e4set helposti M\u00e1lagaan, lentokent\u00e4lle ja muualle Costa del Soliin. Terveydenhuolto on erinomaista, ostosmahdollisuudet ovat k\u00e4tevi\u00e4 ja kansainv\u00e4liset koulut toivottavat uudet perheet avosylin tervetulleiksi. Turvallisuus ja monimuotoisuus ovat osa arkea t\u00e4\u00e4ll\u00e4, mik\u00e4 tekee siit\u00e4 upean paikan aloittaa uusi luku, taustastasi tai i\u00e4st\u00e4si riippumatta.<\/p>\n\n\n\n<h2 class=\"wp-block-heading\">Mit\u00e4 pitk\u00e4aikaiseen vuokraukseen Koti Rentalsin kanssa sis\u00e4ltyy?<\/h2>\n\n\n\n<p>Muutto on iso askel. Meid\u00e4n teht\u00e4v\u00e4mme on tehd\u00e4 siit\u00e4 helppoa, ilman yll\u00e4tyksi\u00e4 matkan varrella. Kun vuokraat meilt\u00e4, \u200b\u200bet saa vain kiinteist\u00f6\u00e4 \u2013 saat paikallisen liittolaisen.<\/p>\n\n\n\n<p>Olemme t\u00e4\u00e4ll\u00e4 opastamassa sinua ensimm\u00e4isest\u00e4 p\u00e4iv\u00e4st\u00e4 l\u00e4htien, selitt\u00e4en tarkalleen, mit\u00e4 hintaan sis\u00e4ltyy, ja auttaen sinua valitsemaan parhaiten sopivan vaihtoehdon: joissakin kodeissa on nopea Wi-Fi ja s\u00e4hk\u00f6laskut, toiset voidaan mukauttaa mieltymystesi mukaan. Tarvitsetko siivouspalvelua tai onko sinulla kysytt\u00e4v\u00e4\u00e4 sopimuksesta? Saat aina selke\u00e4n vastauksen omalla kielell\u00e4si joltakulta, joka v\u00e4litt\u00e4\u00e4. Me hoidamme paperity\u00f6t, sin\u00e4 keskityt nauttimaan uudesta el\u00e4m\u00e4st\u00e4si.<\/p>\n\n\n\n<h2 class=\"wp-block-heading\">Miksi valita Koti Rentals?<\/h2>\n\n\n\n<p>Tunnemme jokaisen tarjoamamme kiinteist\u00f6n. Tunnemme naapurustot, omistajat ja ennen kaikkea \u2013 tunnemme vieraamme. Koti Rentalsin kautta varaaminen perustuu luottamukseen, suoraan yhteydenpitoon ja sellaiseen huomioon, jota et l\u00f6yd\u00e4 suurilta alustoilta.<\/p>\n\n\n\n<p>T\u00e4\u00e4ll\u00e4 kysymyksiisi vastataan nopeasti. Tarpeitasi kuunnellaan. Haluatko saapua aikaisin tai l\u00e4hte\u00e4 hieman my\u00f6hemmin? Jos asunto on saatavilla, me toteutamme sen, ilman piilokuluja. Suunnitelmat muuttuvat? Joustavat peruutusehtomme on suunniteltu antamaan sinulle mielenrauhaa. Ja koko ajan tukitiimimme on vain viestin tai puhelun p\u00e4\u00e4ss\u00e4, valmiina auttamaan kaikessa \u2013 arkiel\u00e4m\u00e4n neuvoista paikallisen l\u00e4\u00e4k\u00e4rin tai koulun l\u00f6yt\u00e4miseen.<\/p>\n\n\n\n<p>Missiomme on yksinkertainen: tehd\u00e4 oleskelustasi paitsi mukavan, my\u00f6s unohtumattoman.<\/p>\n\n\n\n<h2 class=\"wp-block-heading\">Kuinka varata pitk\u00e4aikainen oleskelusi<\/h2>\n\n\n\n<p>Haluamme, ett\u00e4 varaaminen tuntuu yht\u00e4 helpolta kuin sunnuntaiaamu. Selaa valikoimaamme ja kun n\u00e4et sopivan paikan, ota yhteytt\u00e4. K\u00e4ymme sinua l\u00e4pi jokaisen vaiheen \u2013 mit\u00e4 asiakirjoja tarvitset, miten sopimus toimii ja miten varmistat uuden kotisi. Ei pienell\u00e4 pr\u00e4nt\u00e4tty\u00e4 teksti\u00e4, ei loputonta odottelua.<\/p>\n\n\n\n<p>Maksut ovat turvallisia ja l\u00e4pin\u00e4kyvi\u00e4. Ja jos sinun t\u00e4ytyy puhua, tavoitat aina oikean ihmisen, etk\u00e4 robotin. Uskomme rehelliseen viestint\u00e4\u00e4n ja yksinkertaiseen prosessiin, koska uuden el\u00e4m\u00e4n aloittamisen pit\u00e4isi tuntua j\u00e4nnitt\u00e4v\u00e4lt\u00e4, ei stressaavalta.<\/p>\n\n\n\n<h2 class=\"wp-block-heading\">Usein kysyttyj\u00e4 kysymyksi\u00e4 vuokraamisesta Fuengirolassa<\/h2>\n\n\n\n<h3 class=\"wp-block-heading\">Mik\u00e4 on v\u00e4himm\u00e4isoleskeluaika?<\/h3>\n\n\n\n<p>Yleens\u00e4 pitk\u00e4aikaiset vuokrauksemme ovat saatavilla kahdesta kuukaudesta alkaen, mutta kerro meille.<\/p>\n\n\n\n<h3 class=\"wp-block-heading\">Sallitaanko lemmikit?<\/h3>\n\n\n\n<p>Ymm\u00e4rr\u00e4mme, ett\u00e4 lemmikit ovat perheenj\u00e4seni\u00e4. Kerro meille tarpeesi, niin teemme parhaamme l\u00f6yt\u00e4\u00e4ksemme sinulle lemmikkiyst\u00e4v\u00e4llisen kodin.<\/p>\n\n\n\n<h3 class=\"wp-block-heading\">Ovatko laskut ja Wi-Fi mukana?<\/h3>\n\n\n\n<p>Joissakin asunnoissa kaikki sis\u00e4ltyy hintaan, toisissa on enemm\u00e4n \u00e0 la carte -vaihtoehtoja. Joka tapauksessa tied\u00e4t tarkalleen, mit\u00e4 asuntoihin kuuluu, ennen kuin allekirjoitat sopimuksen.<\/p>\n\n\n\n<h3 class=\"wp-block-heading\">Oletko valmis tekem\u00e4\u00e4n Fuengirolasta uuden kotisi?<\/h3>\n\n\n\n<p>Ota yhteytt\u00e4 Koti Rentalsin tiimiin, niin l\u00f6ydet\u00e4\u00e4n paikkasi auringossa \u2013 yhdess\u00e4.<\/p>\n<\/div>\n<\/div><div class=\"wom-readmore__controls\"><button type=\"button\" class=\"wom-readmore__btn\" aria-expanded=\"false\">Leer m\u00e1s<\/button><\/div><\/div>\n","protected":false},"excerpt":{"rendered":"","protected":false},"author":4,"featured_media":0,"parent":31859,"menu_order":0,"comment_status":"closed","ping_status":"closed","template":"property_list_half.php","meta":{"_acf_changed":false,"json_ld_code":"","footnotes":""},"class_list":["post-34668","page","type-page","status-publish","hentry"],"acf":[],"_links":{"self":[{"href":"https:\/\/kotirentals.com\/fi\/wp-json\/wp\/v2\/pages\/34668","targetHints":{"allow":["GET"]}}],"collection":[{"href":"https:\/\/kotirentals.com\/fi\/wp-json\/wp\/v2\/pages"}],"about":[{"href":"https:\/\/kotirentals.com\/fi\/wp-json\/wp\/v2\/types\/page"}],"author":[{"embeddable":true,"href":"https:\/\/kotirentals.com\/fi\/wp-json\/wp\/v2\/users\/4"}],"replies":[{"embeddable":true,"href":"https:\/\/kotirentals.com\/fi\/wp-json\/wp\/v2\/comments?post=34668"}],"version-history":[{"count":2,"href":"https:\/\/kotirentals.com\/fi\/wp-json\/wp\/v2\/pages\/34668\/revisions"}],"predecessor-version":[{"id":34905,"href":"https:\/\/kotirentals.com\/fi\/wp-json\/wp\/v2\/pages\/34668\/revisions\/34905"}],"up":[{"embeddable":true,"href":"https:\/\/kotirentals.com\/fi\/wp-json\/wp\/v2\/pages\/31859"}],"wp:attachment":[{"href":"https:\/\/kotirentals.com\/fi\/wp-json\/wp\/v2\/media?parent=34668"}],"curies":[{"name":"wp","href":"https:\/\/api.w.org\/{rel}","templated":true}]}}