{"id":31587,"date":"2015-02-19T09:48:19","date_gmt":"2015-02-19T08:48:19","guid":{"rendered":"https:\/\/kotirentals.com\/ota-yhteytta\/"},"modified":"2024-12-26T11:54:44","modified_gmt":"2024-12-26T10:54:44","slug":"ota-yhteytta","status":"publish","type":"page","link":"https:\/\/kotirentals.com\/fi\/ota-yhteytta\/","title":{"rendered":"Ota yhteytt\u00e4"},"content":{"rendered":"<p>Etsitp\u00e4 sitten myyt\u00e4v\u00e4\u00e4 tai vuokrattavaa kiinteist\u00f6\u00e4 Costa del Solilta, Koti Rentals tekee etsinn\u00e4st\u00e4si helppoa. K\u00e4yt\u00e4 ainutlaatuista maantieteellist\u00e4 karttaominaisuuttamme l\u00f6yt\u00e4\u00e4ksesi ihanteellisen huvilan, rivitalon tai asunnon ja ota suoraan yhteytt\u00e4 omistajiin. Autamme sinua l\u00f6yt\u00e4m\u00e4\u00e4n unelmiesi kodin muutamassa sekunnissa. Tarjoamme asiakkaillemme runsaasti tietoa kaikista kiinteist\u00f6n ostoon tai myyntiin liittyvist\u00e4 n\u00e4k\u00f6kohdista. Autamme sinua l\u00f6yt\u00e4m\u00e4\u00e4n unelmiesi kodin, keskustelemme Malagan uusista kiinteist\u00f6kohteista tai autamme sinua kiinteist\u00f6si myynniss\u00e4, ja autamme mielell\u00e4mme sinua. \u00c4l\u00e4 ep\u00e4r\u00f6i ottaa meihin yhteytt\u00e4, jos sinulla on kysytt\u00e4v\u00e4\u00e4!  <\/p>\n","protected":false},"excerpt":{"rendered":"<p>Etsitp\u00e4 sitten myyt\u00e4v\u00e4\u00e4 tai vuokrattavaa kiinteist\u00f6\u00e4 Costa del Solilta, Koti Rentals tekee etsinn\u00e4st\u00e4si helppoa. K\u00e4yt\u00e4 ainutlaatuista maantieteellist\u00e4 karttaominaisuuttamme l\u00f6yt\u00e4\u00e4ksesi ihanteellisen huvilan, rivitalon tai asunnon ja ota suoraan yhteytt\u00e4 omistajiin. Autamme sinua l\u00f6yt\u00e4m\u00e4\u00e4n unelmiesi kodin muutamassa sekunnissa. Tarjoamme asiakkaillemme runsaasti tietoa kaikista kiinteist\u00f6n ostoon tai myyntiin liittyvist\u00e4 n\u00e4k\u00f6kohdista. Autamme sinua l\u00f6yt\u00e4m\u00e4\u00e4n unelmiesi kodin, keskustelemme Malagan uusista kiinteist\u00f6kohteista tai autamme sinua kiinteist\u00f6si myynniss\u00e4, ja autamme mielell\u00e4mme &#8230;<\/p>\n","protected":false},"author":1,"featured_media":0,"parent":0,"menu_order":0,"comment_status":"open","ping_status":"open","template":"contact_page.php","meta":{"_acf_changed":false,"json_ld_code":"","footnotes":""},"class_list":["post-31587","page","type-page","status-publish","hentry"],"acf":[],"_links":{"self":[{"href":"https:\/\/kotirentals.com\/fi\/wp-json\/wp\/v2\/pages\/31587","targetHints":{"allow":["GET"]}}],"collection":[{"href":"https:\/\/kotirentals.com\/fi\/wp-json\/wp\/v2\/pages"}],"about":[{"href":"https:\/\/kotirentals.com\/fi\/wp-json\/wp\/v2\/types\/page"}],"author":[{"embeddable":true,"href":"https:\/\/kotirentals.com\/fi\/wp-json\/wp\/v2\/users\/1"}],"replies":[{"embeddable":true,"href":"https:\/\/kotirentals.com\/fi\/wp-json\/wp\/v2\/comments?post=31587"}],"version-history":[{"count":1,"href":"https:\/\/kotirentals.com\/fi\/wp-json\/wp\/v2\/pages\/31587\/revisions"}],"predecessor-version":[{"id":32065,"href":"https:\/\/kotirentals.com\/fi\/wp-json\/wp\/v2\/pages\/31587\/revisions\/32065"}],"wp:attachment":[{"href":"https:\/\/kotirentals.com\/fi\/wp-json\/wp\/v2\/media?parent=31587"}],"curies":[{"name":"wp","href":"https:\/\/api.w.org\/{rel}","templated":true}]}}